{"id":219,"date":"2017-11-06T14:55:25","date_gmt":"2017-11-06T14:55:25","guid":{"rendered":"https:\/\/nanaja.si\/?page_id=219"},"modified":"2022-05-13T10:36:57","modified_gmt":"2022-05-13T09:36:57","slug":"storitve","status":"publish","type":"page","link":"https:\/\/nanaja.si\/en\/storitve\/","title":{"rendered":"Storitve"},"content":{"rendered":"<p class=\"qtranxs-available-languages-message qtranxs-available-languages-message-en\">Sorry, this entry is only available in <a href=\"https:\/\/nanaja.si\/sl\/wp-json\/wp\/v2\/pages\/219\" class=\"qtranxs-available-language-link qtranxs-available-language-link-sl\" title=\"Slovenia\">Slovenia<\/a>. For the sake of viewer convenience, the content is shown below in the alternative language. You may click the link to switch the active language.<\/p><p><\/p>\n<h2>Odnosi z javnostmi<\/h2>\n<p>Imate krasno novico, ki bi jo radi delili s svetom? Imate unikatno zgodbo? Zgodbo, ki je posebna, druga\u010dna, zgodbo ki navdihne, ki vzpodbudi? Bi va\u0161o zgodbo radi delili s potencialnimi strankami, mediji, Svetom?<\/p>\n<p><span class=\"popmake-288\"><strong>Kontaktirajte nas<\/strong><\/span> in va\u0161o zgodbo bomo javnosti predstavili tako, da bodo \u0161e dolgo in dobro govorili o vas!<\/p>\n<h2>Dru\u017ebena odgovornost<\/h2>\n<p>Dobro se z dobrim vra\u010da. Biti dru\u017ebeno odgovorno podjetje je dobro za podjetje, za njegove zaposlene in seveda za dru\u017ebo kot tako. Podjetje je lahko dru\u017ebeno odgovorno s finan\u010dnimi sredstvi, z delovno silo in \u0161e na veliko drugih na\u010dinov.<br \/>\nNanaja je dru\u017ebeno odgovorno podjetje, s svojim delom smo podprli in \u0161e vedno podpiramo veliko organizacij po vsej Sloveniji pa tudi izven nje.<\/p>\n<p>K dru\u017ebeni odgovornosti spodbujamo tudi na\u0161e stranke.<br \/>\nSkupaj ugotovimo, katere prilo\u017enosti so najbolj smiselne, glede na va\u0161e poslovne cilje, za va\u0161e podjetje pa vzpostavimo in izvedemo dru\u017ebeno odgovorne projekte, o katerih se bo govorilo \u0161e dolgo.<\/p>\n<p><span class=\"popmake-288\"><strong>Kontaktirajte nas<\/strong><\/span> in postanite dru\u017ebeno odgovorni \u017ee danes!<\/p>\n<h2>Socialna omre\u017eja<\/h2>\n<p>Vsako uspe\u0161no podjetje si \u017eeli, da bi na socialnih omre\u017ejih dosegli \u010dimve\u010d ljudi. Z raznimi promocijskimi pla\u010dljivimi kampanjami je to danes precej enostavno dose\u010di, vendar pa je treba sledilce tudi obdr\u017eati. Jih spodbuditi k ponovnemu obisku in h nakupu. S pravilno in anga\u017eirano komunikacijo, bodo va\u0161i sledilci postali in ostali tudi va\u0161e aktivne stranke in kar je \u0161e bolj pomembno, o vas bodo \u0161irili dober glas in kupovali va\u0161e produkte.<\/p>\n<p>Si \u017eelite, da socialna omre\u017eja zares postanejo va\u0161 u\u010dinkovit pripomo\u010dek za pridobivanje novih strank in ohranjanje obstoje\u010dih?<\/p>\n<p>Potrebujete pomo\u010d pri upravljanju va\u0161e Facebook, LinkedIn ali Instagram strani?<\/p>\n<p>Bi vam prav pri\u0161lo samo nekaj koristnih nasvetov in pomo\u010d pri oblikovanju komunikacijske strategije?<\/p>\n<p><span class=\"popmake-288\"><strong>Kontaktirajte nas<\/strong><\/span>!<\/p>\n<h2>Vsebinski marketing<\/h2>\n<p><em>&#8220;Dobra Roba se Sama Hvali,&#8221; so rekli v\u010dasih. <\/em>Takrat je bilo ponudbe na trgu bistveno manj, informacija o &#8220;dobri robi&#8221; pa je potovala le od ust do ust in preko oglasnih kampanj.<\/p>\n<p>Danes je druga\u010de. \u010cisto vsak se na socialnih omre\u017ejih ali na spletni strani lahko pohvali. \u010cisto vsak, pa naj ima dobro ali pa mali manj dobro robo, le-to lahko izpostavi na spletu. Zato je danes na dobro robo potrebno konstantno opominjati, jo izpostavljati, govoriti o njej, pisati o njej, jo fotografirati in predstavljati v videih. &#8220;Dobri robi&#8221; je vrednost in prepoznavnost potrebno dvigati tudi s pogosto komunikacijo, dobro zgodbo in vabilom. \ud83d\ude42<\/p>\n<p><span class=\"popmake-288\"><strong>Kontaktirajte nas<\/strong><\/span> in skupaj bomo ugotovili s kak\u0161no vsebino in na katerem spletnem mestu boste najbolj navdu\u0161ili in prepri\u010dali svoje stranke.<\/p>\n<h2><strong>Organizacija dogodkov<\/strong><\/h2>\n<p>Na\u010drtujemo, organiziramo in izvajamo dogodke za slovenske in tuje naro\u010dnike.<br \/>\nOdlikujejo nas dolgoletne izku\u0161nje iz organizacije dogodkov vseh vrst, tako promocijskih in prodajnih, kot tudi medijskih dogodkov, dogodkov za otroke in dru\u017eine, preventivnih dogodkov, dogodkov z nevladnimi organizacijami in \u0161e bi lahko na\u0161tevali.<\/p>\n<p>Pri na\u010drtovanju in koordiniranju dogodkov uporabljamo preizku\u0161ene, zanesljive vire, poslu\u017eujemo pa se najnovej\u0161ih trendov iz Slovenije in Sveta, katerim vseskozi sledimo v \u017eelji po zagotavljanju kar najvi\u0161je kakovosti dogodkov, ki jih izvajamo za na\u0161e naro\u010dnike.<br \/>\nPri svojem delu smo osredoto\u010deni na vse vidike na\u010drtovanja in upravljanja dogodkov, vklju\u010dno z logistiko, odnosi z mediji, tr\u017eenjem in seveda z obve\u0161\u010danjem javnosti.<br \/>\nSpecializirani smo za dogodke manj\u0161ega obsega kot tudi za dogodke ve\u010djega obsega, ki jih je potrebno na\u010drtovati ve\u010d tednov ali celo ve\u010d mesecev. \u0160e posebej smo ponosni na svoj talent pri pridobivanju sredstev in sposobnost dela v okviru prora\u010duna.<\/p>\n<p><span class=\"popmake-288\"><strong>Kontaktirajte nas<\/strong><\/span> in skupaj bomo pripravili dogodek zaradi katerega bodo \u0161e dolgo in dobro govorili o vas!<\/p>\n<p>&nbsp;<\/p>","protected":false},"excerpt":{"rendered":"<p>Sorry, this entry is only available in Slovenia. For the sake of viewer convenience, the content is shown below in the alternative language. You may click the link to switch the active language. Odnosi z javnostmi Imate krasno novico, ki bi jo radi delili s svetom? Imate unikatno zgodbo? Zgodbo, ki je posebna, druga\u010dna, zgodbo [&hellip;]<\/p>\n","protected":false},"author":1,"featured_media":0,"parent":0,"menu_order":0,"comment_status":"closed","ping_status":"closed","template":"page-templates\/no-sidebar.php","meta":{"_monsterinsights_skip_tracking":false,"_monsterinsights_sitenote_active":false,"_monsterinsights_sitenote_note":"","_monsterinsights_sitenote_category":0,"ngg_post_thumbnail":0,"footnotes":""},"yoast_head":"<!-- This site is optimized with the Yoast SEO plugin v22.2 - https:\/\/yoast.com\/wordpress\/plugins\/seo\/ -->\n<title>Storitve - Nanaja<\/title>\n<meta name=\"description\" content=\"Komuniciranje z va\u0161imi ciljnimi javnostmi, vsebinski marketing, organizacija dogodkov, odnosi z javnostjo, socialna omre\u017eja. \u0160irimo najbolj\u0161i glas o vas.\" \/>\n<meta name=\"robots\" content=\"index, follow, max-snippet:-1, max-image-preview:large, max-video-preview:-1\" \/>\n<link rel=\"canonical\" href=\"https:\/\/nanaja.si\/storitve\/\" \/>\n<meta property=\"og:locale\" content=\"en_US\" \/>\n<meta property=\"og:type\" content=\"article\" \/>\n<meta property=\"og:title\" content=\"Storitve - Nanaja\" \/>\n<meta property=\"og:description\" content=\"Komuniciranje z va\u0161imi ciljnimi javnostmi, vsebinski marketing, organizacija dogodkov, odnosi z javnostjo, socialna omre\u017eja. \u0160irimo najbolj\u0161i glas o vas.\" \/>\n<meta property=\"og:url\" content=\"https:\/\/nanaja.si\/storitve\/\" \/>\n<meta property=\"og:site_name\" content=\"Nanaja\" \/>\n<meta property=\"article:modified_time\" content=\"2022-05-13T09:36:57+00:00\" \/>\n<meta name=\"twitter:card\" content=\"summary_large_image\" \/>\n<meta name=\"twitter:label1\" content=\"Est. reading time\" \/>\n\t<meta name=\"twitter:data1\" content=\"3 minutes\" \/>\n<script type=\"application\/ld+json\" class=\"yoast-schema-graph\">{\"@context\":\"https:\/\/schema.org\",\"@graph\":[{\"@type\":\"WebPage\",\"@id\":\"https:\/\/nanaja.si\/storitve\/\",\"url\":\"https:\/\/nanaja.si\/storitve\/\",\"name\":\"Storitve - Nanaja\",\"isPartOf\":{\"@id\":\"https:\/\/nanaja.si\/#website\"},\"datePublished\":\"2017-11-06T14:55:25+00:00\",\"dateModified\":\"2022-05-13T09:36:57+00:00\",\"description\":\"Komuniciranje z va\u0161imi ciljnimi javnostmi, vsebinski marketing, organizacija dogodkov, odnosi z javnostjo, socialna omre\u017eja. \u0160irimo najbolj\u0161i glas o vas.\",\"breadcrumb\":{\"@id\":\"https:\/\/nanaja.si\/storitve\/#breadcrumb\"},\"inLanguage\":\"en-US\",\"potentialAction\":[{\"@type\":\"ReadAction\",\"target\":[\"https:\/\/nanaja.si\/storitve\/\"]}]},{\"@type\":\"BreadcrumbList\",\"@id\":\"https:\/\/nanaja.si\/storitve\/#breadcrumb\",\"itemListElement\":[{\"@type\":\"ListItem\",\"position\":1,\"name\":\"Home\",\"item\":\"https:\/\/nanaja.si\/\"},{\"@type\":\"ListItem\",\"position\":2,\"name\":\"Storitve\"}]},{\"@type\":\"WebSite\",\"@id\":\"https:\/\/nanaja.si\/#website\",\"url\":\"https:\/\/nanaja.si\/\",\"name\":\"Nanaja\",\"description\":\"Spreding Your Word to the World\",\"potentialAction\":[{\"@type\":\"SearchAction\",\"target\":{\"@type\":\"EntryPoint\",\"urlTemplate\":\"https:\/\/nanaja.si\/?s={search_term_string}\"},\"query-input\":\"required name=search_term_string\"}],\"inLanguage\":\"en-US\"}]}<\/script>\n<!-- \/ Yoast SEO plugin. -->","yoast_head_json":{"title":"Storitve - Nanaja","description":"Komuniciranje z va\u0161imi ciljnimi javnostmi, vsebinski marketing, organizacija dogodkov, odnosi z javnostjo, socialna omre\u017eja. \u0160irimo najbolj\u0161i glas o vas.","robots":{"index":"index","follow":"follow","max-snippet":"max-snippet:-1","max-image-preview":"max-image-preview:large","max-video-preview":"max-video-preview:-1"},"canonical":"https:\/\/nanaja.si\/storitve\/","og_locale":"en_US","og_type":"article","og_title":"Storitve - Nanaja","og_description":"Komuniciranje z va\u0161imi ciljnimi javnostmi, vsebinski marketing, organizacija dogodkov, odnosi z javnostjo, socialna omre\u017eja. \u0160irimo najbolj\u0161i glas o vas.","og_url":"https:\/\/nanaja.si\/storitve\/","og_site_name":"Nanaja","article_modified_time":"2022-05-13T09:36:57+00:00","twitter_card":"summary_large_image","twitter_misc":{"Est. reading time":"3 minutes"},"schema":{"@context":"https:\/\/schema.org","@graph":[{"@type":"WebPage","@id":"https:\/\/nanaja.si\/storitve\/","url":"https:\/\/nanaja.si\/storitve\/","name":"Storitve - Nanaja","isPartOf":{"@id":"https:\/\/nanaja.si\/#website"},"datePublished":"2017-11-06T14:55:25+00:00","dateModified":"2022-05-13T09:36:57+00:00","description":"Komuniciranje z va\u0161imi ciljnimi javnostmi, vsebinski marketing, organizacija dogodkov, odnosi z javnostjo, socialna omre\u017eja. \u0160irimo najbolj\u0161i glas o vas.","breadcrumb":{"@id":"https:\/\/nanaja.si\/storitve\/#breadcrumb"},"inLanguage":"en-US","potentialAction":[{"@type":"ReadAction","target":["https:\/\/nanaja.si\/storitve\/"]}]},{"@type":"BreadcrumbList","@id":"https:\/\/nanaja.si\/storitve\/#breadcrumb","itemListElement":[{"@type":"ListItem","position":1,"name":"Home","item":"https:\/\/nanaja.si\/"},{"@type":"ListItem","position":2,"name":"Storitve"}]},{"@type":"WebSite","@id":"https:\/\/nanaja.si\/#website","url":"https:\/\/nanaja.si\/","name":"Nanaja","description":"Spreding Your Word to the World","potentialAction":[{"@type":"SearchAction","target":{"@type":"EntryPoint","urlTemplate":"https:\/\/nanaja.si\/?s={search_term_string}"},"query-input":"required name=search_term_string"}],"inLanguage":"en-US"}]}},"_links":{"self":[{"href":"https:\/\/nanaja.si\/en\/wp-json\/wp\/v2\/pages\/219"}],"collection":[{"href":"https:\/\/nanaja.si\/en\/wp-json\/wp\/v2\/pages"}],"about":[{"href":"https:\/\/nanaja.si\/en\/wp-json\/wp\/v2\/types\/page"}],"author":[{"embeddable":true,"href":"https:\/\/nanaja.si\/en\/wp-json\/wp\/v2\/users\/1"}],"replies":[{"embeddable":true,"href":"https:\/\/nanaja.si\/en\/wp-json\/wp\/v2\/comments?post=219"}],"version-history":[{"count":19,"href":"https:\/\/nanaja.si\/en\/wp-json\/wp\/v2\/pages\/219\/revisions"}],"predecessor-version":[{"id":906,"href":"https:\/\/nanaja.si\/en\/wp-json\/wp\/v2\/pages\/219\/revisions\/906"}],"wp:attachment":[{"href":"https:\/\/nanaja.si\/en\/wp-json\/wp\/v2\/media?parent=219"}],"curies":[{"name":"wp","href":"https:\/\/api.w.org\/{rel}","templated":true}]}}